{"id":955,"date":"2014-07-14T23:32:29","date_gmt":"2014-07-14T21:32:29","guid":{"rendered":"http:\/\/www.schle-photography.de\/?page_id=955"},"modified":"2014-07-14T23:35:42","modified_gmt":"2014-07-14T21:35:42","slug":"wm-feier-am-plaerrer-und-hauptbahnhof","status":"publish","type":"page","link":"http:\/\/www.schle-photography.de\/?page_id=955","title":{"rendered":"WM Feier am Pl\u00e4rrer und Hauptbahnhof"},"content":{"rendered":"<p>Fans feiern den Gewinn der Fu\u00dfballweltmeisterschaft am Pl\u00e4rrer und am Hauptbahnhof bis sp\u00e4t in die Nacht hinein. Der komplette Pl\u00e4rrer und der Frauentorgraben wurde f\u00fcr den Fahrzeugverkehr gesperrt. Der Autokorso wurde anschlie\u00dfend umgeleitet<\/p>\nngg_shortcode_0_placeholder\n","protected":false},"excerpt":{"rendered":"<p>Fans feiern den Gewinn der Fu\u00dfballweltmeisterschaft am Pl\u00e4rrer und am Hauptbahnhof bis sp\u00e4t in die Nacht hinein. Der komplette Pl\u00e4rrer und der Frauentorgraben wurde f\u00fcr den Fahrzeugverkehr gesperrt. Der Autokorso wurde anschlie\u00dfend umgeleitet<\/p>\n","protected":false},"author":4,"featured_media":0,"parent":344,"menu_order":0,"comment_status":"closed","ping_status":"open","template":"","meta":{"ngg_post_thumbnail":0,"jetpack_post_was_ever_published":false,"footnotes":""},"class_list":["post-955","page","type-page","status-publish","hentry"],"jetpack_sharing_enabled":true,"jetpack_shortlink":"https:\/\/wp.me\/P2T4lD-fp","_links":{"self":[{"href":"http:\/\/www.schle-photography.de\/index.php?rest_route=\/wp\/v2\/pages\/955","targetHints":{"allow":["GET"]}}],"collection":[{"href":"http:\/\/www.schle-photography.de\/index.php?rest_route=\/wp\/v2\/pages"}],"about":[{"href":"http:\/\/www.schle-photography.de\/index.php?rest_route=\/wp\/v2\/types\/page"}],"author":[{"embeddable":true,"href":"http:\/\/www.schle-photography.de\/index.php?rest_route=\/wp\/v2\/users\/4"}],"replies":[{"embeddable":true,"href":"http:\/\/www.schle-photography.de\/index.php?rest_route=%2Fwp%2Fv2%2Fcomments&post=955"}],"version-history":[{"count":2,"href":"http:\/\/www.schle-photography.de\/index.php?rest_route=\/wp\/v2\/pages\/955\/revisions"}],"predecessor-version":[{"id":958,"href":"http:\/\/www.schle-photography.de\/index.php?rest_route=\/wp\/v2\/pages\/955\/revisions\/958"}],"up":[{"embeddable":true,"href":"http:\/\/www.schle-photography.de\/index.php?rest_route=\/wp\/v2\/pages\/344"}],"wp:attachment":[{"href":"http:\/\/www.schle-photography.de\/index.php?rest_route=%2Fwp%2Fv2%2Fmedia&parent=955"}],"curies":[{"name":"wp","href":"https:\/\/api.w.org\/{rel}","templated":true}]}}