{"id":569,"date":"2014-03-21T21:20:26","date_gmt":"2014-03-21T19:20:26","guid":{"rendered":"http:\/\/www.schle-photography.de\/?page_id=569"},"modified":"2014-03-21T21:32:09","modified_gmt":"2014-03-21T19:32:09","slug":"windentraining-der-drf-mit-der-hoehenrettungsgruppe-der-feuerwehr-nuernberg","status":"publish","type":"page","link":"http:\/\/www.schle-photography.de\/?page_id=569","title":{"rendered":"21.03.2014 Windentraining der DRF mit der H\u00f6henrettungsgruppe der Feuerwehr N\u00fcrnberg"},"content":{"rendered":"<p>Am heutigen Freitag 21.03.2014 \u00fcbte die DRF Christoph-27 zusammen mit der H\u00f6rg der Berufsfeuerwehr N\u00fcrnberg am Schuttberg im N\u00fcrnberger Hafen.<\/p>\n<p>Hauptbestandteil dieser \u00dcbung \u00a0ist die Zusammenarbeit zwischen den H\u00f6henrettern, Not\u00e4rzten und den Rettungsassistenten (Winsch Operator) \u00a0des Hubschraubers welche die Winde bedienen und den kontakt zum Piloten h\u00e4lt. Ge\u00fcbt wurde das ab- und aufwinschen von H\u00f6henretter, Patient \u00a0und Notarzt. Trotz des sch\u00f6nen Wetters war es heute vor allem auch f\u00fcr den Piloten Schwerstarbeit die Maschine ruhig zu halten, da doch ein starker Wind blies.<\/p>\n<p>Am darauffolgenden Samstag findet die Winden\u00fcbung in der Fr\u00e4nkischen Schweiz mit der Bergwacht statt.<\/p>\n<p>&nbsp;<\/p>\nngg_shortcode_0_placeholder\n<p>&nbsp;<\/p>\n","protected":false},"excerpt":{"rendered":"<p>Am heutigen Freitag 21.03.2014 \u00fcbte die DRF Christoph-27 zusammen mit der H\u00f6rg der Berufsfeuerwehr N\u00fcrnberg am Schuttberg im N\u00fcrnberger Hafen. Hauptbestandteil dieser \u00dcbung \u00a0ist die Zusammenarbeit zwischen den H\u00f6henrettern, Not\u00e4rzten und den Rettungsassistenten (Winsch Operator) \u00a0des Hubschraubers welche die Winde &hellip; <a href=\"http:\/\/www.schle-photography.de\/?page_id=569\">Weiterlesen <span class=\"meta-nav\">&rarr;<\/span><\/a><\/p>\n","protected":false},"author":4,"featured_media":0,"parent":178,"menu_order":0,"comment_status":"closed","ping_status":"open","template":"","meta":{"ngg_post_thumbnail":0,"jetpack_post_was_ever_published":false,"footnotes":""},"class_list":["post-569","page","type-page","status-publish","hentry"],"jetpack_sharing_enabled":true,"jetpack_shortlink":"https:\/\/wp.me\/P2T4lD-9b","_links":{"self":[{"href":"http:\/\/www.schle-photography.de\/index.php?rest_route=\/wp\/v2\/pages\/569","targetHints":{"allow":["GET"]}}],"collection":[{"href":"http:\/\/www.schle-photography.de\/index.php?rest_route=\/wp\/v2\/pages"}],"about":[{"href":"http:\/\/www.schle-photography.de\/index.php?rest_route=\/wp\/v2\/types\/page"}],"author":[{"embeddable":true,"href":"http:\/\/www.schle-photography.de\/index.php?rest_route=\/wp\/v2\/users\/4"}],"replies":[{"embeddable":true,"href":"http:\/\/www.schle-photography.de\/index.php?rest_route=%2Fwp%2Fv2%2Fcomments&post=569"}],"version-history":[{"count":4,"href":"http:\/\/www.schle-photography.de\/index.php?rest_route=\/wp\/v2\/pages\/569\/revisions"}],"predecessor-version":[{"id":619,"href":"http:\/\/www.schle-photography.de\/index.php?rest_route=\/wp\/v2\/pages\/569\/revisions\/619"}],"up":[{"embeddable":true,"href":"http:\/\/www.schle-photography.de\/index.php?rest_route=\/wp\/v2\/pages\/178"}],"wp:attachment":[{"href":"http:\/\/www.schle-photography.de\/index.php?rest_route=%2Fwp%2Fv2%2Fmedia&parent=569"}],"curies":[{"name":"wp","href":"https:\/\/api.w.org\/{rel}","templated":true}]}}