{"id":303,"date":"2013-08-23T19:25:24","date_gmt":"2013-08-23T17:25:24","guid":{"rendered":"http:\/\/www.schle-photography.de\/?page_id=303"},"modified":"2013-08-23T19:50:49","modified_gmt":"2013-08-23T17:50:49","slug":"uebung-der-hoehenretter-bei-der-n-ergie","status":"publish","type":"page","link":"http:\/\/www.schle-photography.de\/?page_id=303","title":{"rendered":"21.08.13 \u00dcbung der H\u00f6henretter bei der N-Ergie"},"content":{"rendered":"<p align=\"center\">\u00dcbung der H\u00f6henrettungsgruppe der Berufsfeuerwehr N\u00fcrnberg bei der N-Ergie in Sandreuth<\/p>\n<p style=\"text-align: left;\" align=\"center\">Heute Vormittag fand auf dem Gel\u00e4nde der N-Ergie in N\u00fcrnberg Sandreuth eine \u00dcbung der H\u00f6henrettungsgruppe der Berufsfeuerwehr N\u00fcrnberg im Biomasse Heitzkraftwerk statt.<\/p>\n<p>Ein Mitarbeiter ist bei der Reinigung einer Kesseltrommel, die sich auf einer Plattform in ca. 22 m H\u00f6he befindet zusammengebrochen. Die Besonderheit bei der Kesseltrommel ist der relativ kleine Einstieg von nur 45&#215;35 Zentimetern.Zwei H\u00f6henretter stiegen in den Kessel zur ersten medizinischen Versorgung ein. Die weiteren H\u00f6henretter begannen mit dem Aufbau der Skedgo-Trage (durch ihre Bauart ist diese Trage sehr Flexiebel) um den Patienten aus der Kesseltrommel zu befreien.\u00a0 Zeitgleich wurde die Schleifkorbtrage vorbereitet. Nachdem der Patient aus der Kesseltrommel befreit war wurde er in die Schleifkorbtrage umgelagert. Mit einem Kran brachte man den Patienten und einen Retter auf erdgleiche wo er anschlie\u00dfend dem Fiktiv wartenden Rettungsdienst \u00fcbergeben wurde.<\/p>\n<p>Die Kesseltrommel wurde\u00a0 von der Feuerwehr mit einem Sauerstoffmessger\u00e4t freigemessen, somit konnte auf Atemschutz verzichtet werden.<\/p>\n<p>&nbsp;<\/p>\nngg_shortcode_0_placeholder\n","protected":false},"excerpt":{"rendered":"<p>\u00dcbung der H\u00f6henrettungsgruppe der Berufsfeuerwehr N\u00fcrnberg bei der N-Ergie in Sandreuth Heute Vormittag fand auf dem Gel\u00e4nde der N-Ergie in N\u00fcrnberg Sandreuth eine \u00dcbung der H\u00f6henrettungsgruppe der Berufsfeuerwehr N\u00fcrnberg im Biomasse Heitzkraftwerk statt. Ein Mitarbeiter ist bei der Reinigung einer &hellip; <a href=\"http:\/\/www.schle-photography.de\/?page_id=303\">Weiterlesen <span class=\"meta-nav\">&rarr;<\/span><\/a><\/p>\n","protected":false},"author":4,"featured_media":0,"parent":178,"menu_order":0,"comment_status":"closed","ping_status":"open","template":"","meta":{"ngg_post_thumbnail":0,"jetpack_post_was_ever_published":false,"footnotes":""},"class_list":["post-303","page","type-page","status-publish","hentry"],"jetpack_sharing_enabled":true,"jetpack_shortlink":"https:\/\/wp.me\/P2T4lD-4T","_links":{"self":[{"href":"http:\/\/www.schle-photography.de\/index.php?rest_route=\/wp\/v2\/pages\/303","targetHints":{"allow":["GET"]}}],"collection":[{"href":"http:\/\/www.schle-photography.de\/index.php?rest_route=\/wp\/v2\/pages"}],"about":[{"href":"http:\/\/www.schle-photography.de\/index.php?rest_route=\/wp\/v2\/types\/page"}],"author":[{"embeddable":true,"href":"http:\/\/www.schle-photography.de\/index.php?rest_route=\/wp\/v2\/users\/4"}],"replies":[{"embeddable":true,"href":"http:\/\/www.schle-photography.de\/index.php?rest_route=%2Fwp%2Fv2%2Fcomments&post=303"}],"version-history":[{"count":4,"href":"http:\/\/www.schle-photography.de\/index.php?rest_route=\/wp\/v2\/pages\/303\/revisions"}],"predecessor-version":[{"id":308,"href":"http:\/\/www.schle-photography.de\/index.php?rest_route=\/wp\/v2\/pages\/303\/revisions\/308"}],"up":[{"embeddable":true,"href":"http:\/\/www.schle-photography.de\/index.php?rest_route=\/wp\/v2\/pages\/178"}],"wp:attachment":[{"href":"http:\/\/www.schle-photography.de\/index.php?rest_route=%2Fwp%2Fv2%2Fmedia&parent=303"}],"curies":[{"name":"wp","href":"https:\/\/api.w.org\/{rel}","templated":true}]}}