{"id":200,"date":"2013-06-08T23:26:13","date_gmt":"2013-06-08T21:26:13","guid":{"rendered":"http:\/\/www.schle-photography.de\/?page_id=200"},"modified":"2013-06-18T19:30:32","modified_gmt":"2013-06-18T17:30:32","slug":"07-06-13-verdachtiger-brief-im-druckhaus-nurnberg","status":"publish","type":"page","link":"http:\/\/www.schle-photography.de\/?page_id=200","title":{"rendered":"07.06.13 Verd\u00e4chtiger Brief im Druckhaus N\u00fcrnberg!"},"content":{"rendered":"<p>Verd\u00e4chtiger Brief im Druckhaus N\u00fcrnberg!<\/p>\n<p>Am Freitagvormittag \u00f6ffnete ein Mitarbeiter einen Brief aus dem ein Pulver austrat. Anschlie\u00dfend klagte er \u00fcber Juckreiz. Feuerwehr und Rettungsdienst wurden Verst\u00e4ndigt. Um was f\u00fcr ein Pulver es sich handelt ist derzeit noch unklar.<\/p>\nngg_shortcode_0_placeholder\n","protected":false},"excerpt":{"rendered":"<p>Verd\u00e4chtiger Brief im Druckhaus N\u00fcrnberg! Am Freitagvormittag \u00f6ffnete ein Mitarbeiter einen Brief aus dem ein Pulver austrat. Anschlie\u00dfend klagte er \u00fcber Juckreiz. Feuerwehr und Rettungsdienst wurden Verst\u00e4ndigt. Um was f\u00fcr ein Pulver es sich handelt ist derzeit noch unklar.<\/p>\n","protected":false},"author":4,"featured_media":0,"parent":178,"menu_order":2,"comment_status":"closed","ping_status":"open","template":"","meta":{"ngg_post_thumbnail":0,"jetpack_post_was_ever_published":false,"footnotes":""},"class_list":["post-200","page","type-page","status-publish","hentry"],"jetpack_sharing_enabled":true,"jetpack_shortlink":"https:\/\/wp.me\/P2T4lD-3e","_links":{"self":[{"href":"http:\/\/www.schle-photography.de\/index.php?rest_route=\/wp\/v2\/pages\/200","targetHints":{"allow":["GET"]}}],"collection":[{"href":"http:\/\/www.schle-photography.de\/index.php?rest_route=\/wp\/v2\/pages"}],"about":[{"href":"http:\/\/www.schle-photography.de\/index.php?rest_route=\/wp\/v2\/types\/page"}],"author":[{"embeddable":true,"href":"http:\/\/www.schle-photography.de\/index.php?rest_route=\/wp\/v2\/users\/4"}],"replies":[{"embeddable":true,"href":"http:\/\/www.schle-photography.de\/index.php?rest_route=%2Fwp%2Fv2%2Fcomments&post=200"}],"version-history":[{"count":5,"href":"http:\/\/www.schle-photography.de\/index.php?rest_route=\/wp\/v2\/pages\/200\/revisions"}],"predecessor-version":[{"id":238,"href":"http:\/\/www.schle-photography.de\/index.php?rest_route=\/wp\/v2\/pages\/200\/revisions\/238"}],"up":[{"embeddable":true,"href":"http:\/\/www.schle-photography.de\/index.php?rest_route=\/wp\/v2\/pages\/178"}],"wp:attachment":[{"href":"http:\/\/www.schle-photography.de\/index.php?rest_route=%2Fwp%2Fv2%2Fmedia&parent=200"}],"curies":[{"name":"wp","href":"https:\/\/api.w.org\/{rel}","templated":true}]}}