{"id":180,"date":"2013-05-29T16:04:17","date_gmt":"2013-05-29T14:04:17","guid":{"rendered":"http:\/\/www.schle-photography.de\/?page_id=180"},"modified":"2013-06-18T19:28:58","modified_gmt":"2013-06-18T17:28:58","slug":"29-05-13-verkehrsunfall-gibitzenhofstr","status":"publish","type":"page","link":"http:\/\/www.schle-photography.de\/?page_id=180","title":{"rendered":"29.05.13 Verkehrsunfall Gibitzenhofstr."},"content":{"rendered":"<p>Verkehrsunfall mit drei PKW\u2019s  in der Gibitzenhofstr.<\/p>\n<p>Heute Vormittag um 10:30 Uhr ereignete sich in der Gibitzenhofstr.\/Linnestr. ein Verkehrsunfall mit drei PKW\u2019s. Von der Leitstelle N\u00fcrnberg wurden aufgrund der ersten Meldung, (es sollte eine Person eingeklemmt sein) die Feuerwache 3, der R\u00fcstzug der Feuerwache 4 und der Rettungsdienst mit Notarzt alarmiert.<br \/>\nAus noch unbekannten Gr\u00fcnden fuhr ein Pkw in ein geparktes Autos uns stie\u00df anschlie\u00dfend gegen die Hauswand. Durch den Zusammensto\u00df wurde ein weiterer geparkter Pkw besch\u00e4digt. Der Zugf\u00fchrer der Feuerwache 3 konnte nach der Erkundung die R\u00fcckmeldung geben, dass keine Person eingeklemmt ist. Alle Einheiten au\u00dfer dem L\u00f6schzug der Feuerwache 3 konnten wieder einr\u00fccken. Von der Feuerwehr wurden auslaufende Betriebsstoffe abgestreut und die Batterie abgeklemmt. Der Fahrer wurde vom Rettungsdienst versorgt.<\/p>\nngg_shortcode_0_placeholder\n","protected":false},"excerpt":{"rendered":"<p>Verkehrsunfall mit drei PKW\u2019s in der Gibitzenhofstr. Heute Vormittag um 10:30 Uhr ereignete sich in der Gibitzenhofstr.\/Linnestr. ein Verkehrsunfall mit drei PKW\u2019s. Von der Leitstelle N\u00fcrnberg wurden aufgrund der ersten Meldung, (es sollte eine Person eingeklemmt sein) die Feuerwache 3, &hellip; <a href=\"http:\/\/www.schle-photography.de\/?page_id=180\">Weiterlesen <span class=\"meta-nav\">&rarr;<\/span><\/a><\/p>\n","protected":false},"author":4,"featured_media":0,"parent":178,"menu_order":3,"comment_status":"closed","ping_status":"open","template":"","meta":{"ngg_post_thumbnail":0,"jetpack_post_was_ever_published":false,"footnotes":""},"class_list":["post-180","page","type-page","status-publish","hentry"],"jetpack_sharing_enabled":true,"jetpack_shortlink":"https:\/\/wp.me\/P2T4lD-2U","_links":{"self":[{"href":"http:\/\/www.schle-photography.de\/index.php?rest_route=\/wp\/v2\/pages\/180","targetHints":{"allow":["GET"]}}],"collection":[{"href":"http:\/\/www.schle-photography.de\/index.php?rest_route=\/wp\/v2\/pages"}],"about":[{"href":"http:\/\/www.schle-photography.de\/index.php?rest_route=\/wp\/v2\/types\/page"}],"author":[{"embeddable":true,"href":"http:\/\/www.schle-photography.de\/index.php?rest_route=\/wp\/v2\/users\/4"}],"replies":[{"embeddable":true,"href":"http:\/\/www.schle-photography.de\/index.php?rest_route=%2Fwp%2Fv2%2Fcomments&post=180"}],"version-history":[{"count":3,"href":"http:\/\/www.schle-photography.de\/index.php?rest_route=\/wp\/v2\/pages\/180\/revisions"}],"predecessor-version":[{"id":237,"href":"http:\/\/www.schle-photography.de\/index.php?rest_route=\/wp\/v2\/pages\/180\/revisions\/237"}],"up":[{"embeddable":true,"href":"http:\/\/www.schle-photography.de\/index.php?rest_route=\/wp\/v2\/pages\/178"}],"wp:attachment":[{"href":"http:\/\/www.schle-photography.de\/index.php?rest_route=%2Fwp%2Fv2%2Fmedia&parent=180"}],"curies":[{"name":"wp","href":"https:\/\/api.w.org\/{rel}","templated":true}]}}