{"id":154,"date":"2013-05-21T13:47:52","date_gmt":"2013-05-21T11:47:52","guid":{"rendered":"http:\/\/www.schle-photography.de\/?page_id=154"},"modified":"2013-10-22T19:25:18","modified_gmt":"2013-10-22T17:25:18","slug":"franken-112-2","status":"publish","type":"page","link":"http:\/\/www.schle-photography.de\/?page_id=154","title":{"rendered":"Franken-112"},"content":{"rendered":"<p>Unter den Link <a href=\"http:\/\/www.facebook.com\/Franken112\">Aktuelles aus der Region im Facebook<\/a><br \/>\nerhalten Sie Informationen aus der Region. Wir berichten von aktuellen Eins\u00e4tzen, Veranstaltungen und Neuanschaffungen von Einsatzfahrzeugen.<\/p>\n<p>Der Link <a href=\"http:\/\/franken-112.de\">franken-112.de<\/a><br \/>\ninformiert Sie \u00fcber Feuerwehrfahrzeuge, Feuerwachen und Ger\u00e4teh\u00e4user aus der Region und Deutschland.<\/p>\n<p>Viel Spa\u00df<br \/>\ndas Team von Franken-112<\/p>\n","protected":false},"excerpt":{"rendered":"<p>Unter den Link Aktuelles aus der Region im Facebook erhalten Sie Informationen aus der Region. Wir berichten von aktuellen Eins\u00e4tzen, Veranstaltungen und Neuanschaffungen von Einsatzfahrzeugen. Der Link franken-112.de informiert Sie \u00fcber Feuerwehrfahrzeuge, Feuerwachen und Ger\u00e4teh\u00e4user aus der Region und Deutschland. &hellip; <a href=\"http:\/\/www.schle-photography.de\/?page_id=154\">Weiterlesen <span class=\"meta-nav\">&rarr;<\/span><\/a><\/p>\n","protected":false},"author":4,"featured_media":0,"parent":0,"menu_order":7,"comment_status":"closed","ping_status":"open","template":"","meta":{"ngg_post_thumbnail":0,"jetpack_post_was_ever_published":false,"footnotes":""},"class_list":["post-154","page","type-page","status-publish","hentry"],"jetpack_sharing_enabled":true,"jetpack_shortlink":"https:\/\/wp.me\/P2T4lD-2u","_links":{"self":[{"href":"http:\/\/www.schle-photography.de\/index.php?rest_route=\/wp\/v2\/pages\/154","targetHints":{"allow":["GET"]}}],"collection":[{"href":"http:\/\/www.schle-photography.de\/index.php?rest_route=\/wp\/v2\/pages"}],"about":[{"href":"http:\/\/www.schle-photography.de\/index.php?rest_route=\/wp\/v2\/types\/page"}],"author":[{"embeddable":true,"href":"http:\/\/www.schle-photography.de\/index.php?rest_route=\/wp\/v2\/users\/4"}],"replies":[{"embeddable":true,"href":"http:\/\/www.schle-photography.de\/index.php?rest_route=%2Fwp%2Fv2%2Fcomments&post=154"}],"version-history":[{"count":19,"href":"http:\/\/www.schle-photography.de\/index.php?rest_route=\/wp\/v2\/pages\/154\/revisions"}],"predecessor-version":[{"id":350,"href":"http:\/\/www.schle-photography.de\/index.php?rest_route=\/wp\/v2\/pages\/154\/revisions\/350"}],"wp:attachment":[{"href":"http:\/\/www.schle-photography.de\/index.php?rest_route=%2Fwp%2Fv2%2Fmedia&parent=154"}],"curies":[{"name":"wp","href":"https:\/\/api.w.org\/{rel}","templated":true}]}}